{"id":10147,"date":"2023-04-03T22:18:00","date_gmt":"2023-04-03T22:18:00","guid":{"rendered":"http:\/\/mackvolvomontreal.sltm.ca\/?page_id=10147"},"modified":"2023-04-03T22:19:34","modified_gmt":"2023-04-03T22:19:34","slug":"nous-joindre","status":"publish","type":"page","link":"https:\/\/mackvolvomontreal.sltm.ca\/en\/nous-joindre\/","title":{"rendered":"Contact US"},"content":{"rendered":"\t\t<div data-elementor-type=\"wp-page\" data-elementor-id=\"10147\" class=\"elementor elementor-10147 elementor-10688\">\n\t\t\t\t\t\t\t\t\t<section class=\"elementor-section elementor-top-section elementor-element elementor-element-edb579c elementor-section-full_width elementor-section-height-default elementor-section-height-default\" data-id=\"edb579c\" data-element_type=\"section\" data-settings=\"{&quot;background_background&quot;:&quot;classic&quot;}\">\n\t\t\t\t\t\t<div class=\"elementor-container elementor-column-gap-default\">\n\t\t\t\t\t<div class=\"elementor-column elementor-col-100 elementor-top-column elementor-element elementor-element-f73b651\" data-id=\"f73b651\" data-element_type=\"column\">\n\t\t\t<div class=\"elementor-widget-wrap elementor-element-populated\">\n\t\t\t\t\t\t\t\t<div class=\"elementor-element elementor-element-b4dee37 elementor-widget elementor-widget-text-editor\" data-id=\"b4dee37\" data-element_type=\"widget\" data-widget_type=\"text-editor.default\">\n\t\t\t\t<div class=\"elementor-widget-container\">\n\t\t\t<style>\/*! elementor - v3.7.8 - 02-10-2022 *\/\n.elementor-widget-text-editor.elementor-drop-cap-view-stacked .elementor-drop-cap{background-color:#818a91;color:#fff}.elementor-widget-text-editor.elementor-drop-cap-view-framed .elementor-drop-cap{color:#818a91;border:3px solid;background-color:transparent}.elementor-widget-text-editor:not(.elementor-drop-cap-view-default) .elementor-drop-cap{margin-top:8px}.elementor-widget-text-editor:not(.elementor-drop-cap-view-default) .elementor-drop-cap-letter{width:1em;height:1em}.elementor-widget-text-editor .elementor-drop-cap{float:left;text-align:center;line-height:1;font-size:50px}.elementor-widget-text-editor .elementor-drop-cap-letter{display:inline-block}<\/style>\t\t\t\t<h2>PROMOTIONS<\/h2>\t\t\t\t\t\t<\/div>\n\t\t\t\t<\/div>\n\t\t\t\t<div class=\"elementor-element elementor-element-0e473de elementor-align-center elementor-widget elementor-widget-button\" data-id=\"0e473de\" data-element_type=\"widget\" data-widget_type=\"button.default\">\n\t\t\t\t<div class=\"elementor-widget-container\">\n\t\t\t\t\t<div class=\"elementor-button-wrapper\">\n\t\t\t<a href=\"https:\/\/mackvolvomontreal.sltm.ca\/promotions\/\" class=\"elementor-button-link elementor-button elementor-size-md\" role=\"button\">\n\t\t\t\t\t\t<span class=\"elementor-button-content-wrapper\">\n\t\t\t\t\t\t<span class=\"elementor-button-text\">VIEW DISCOUNTS<\/span>\n\t\t<\/span>\n\t\t\t\t\t<\/a>\n\t\t<\/div>\n\t\t\t\t<\/div>\n\t\t\t\t<\/div>\n\t\t\t\t\t<\/div>\n\t\t<\/div>\n\t\t\t\t\t\t\t<\/div>\n\t\t<\/section>\n\t\t\t\t<section class=\"elementor-section elementor-top-section elementor-element elementor-element-4024ad7 card_d elementor-section-boxed elementor-section-height-default elementor-section-height-default\" data-id=\"4024ad7\" data-element_type=\"section\" data-settings=\"{&quot;background_background&quot;:&quot;classic&quot;}\">\n\t\t\t\t\t\t<div class=\"elementor-container elementor-column-gap-default\">\n\t\t\t\t\t<div class=\"elementor-column elementor-col-25 elementor-top-column elementor-element elementor-element-86a7cf3\" data-id=\"86a7cf3\" data-element_type=\"column\">\n\t\t\t<div class=\"elementor-widget-wrap elementor-element-populated\">\n\t\t\t\t\t\t\t\t<div class=\"elementor-element elementor-element-cc9ea88 eael-infobox-content-align-left eael-infobox-icon-bg-shape-none eael-infobox-icon-hover-bg-shape-none elementor-widget elementor-widget-eael-info-box\" data-id=\"cc9ea88\" data-element_type=\"widget\" data-widget_type=\"eael-info-box.default\">\n\t\t\t\t<div class=\"elementor-widget-container\">\n\t\t\t                    <div class=\"eael-infobox\">\n                    <div class=\"infobox-icon eael-icon-only\">\n\n            \n                            <div class=\"infobox-icon-wrap\">\n                                    <\/div>\n            \n            \n        <\/div>\n            <div class=\"infobox-content eael-icon-only\">\n                            <h6 class=\"title\">MONTR\u00c9AL<\/h6>\n                                                                        <p><p>10 475 Chemin C\u00f4te de Liesse<br \/>Dorval, H9P 1A7<br \/><a href=\"tel:+15146859444\">514-685-9444<\/a><\/p><p>Lundi au vendredi: 7h00 \u00e0 Minuit<br \/>Samedi: 7h00 \u00e0 15h30<br \/>Dimanche: Ferm\u00e9<\/p><\/p>\n                                                                            <\/div>\n    <\/div>\t\t<\/div>\n\t\t\t\t<\/div>\n\t\t\t\t\t<\/div>\n\t\t<\/div>\n\t\t\t\t<div class=\"elementor-column elementor-col-25 elementor-top-column elementor-element elementor-element-156269b\" data-id=\"156269b\" data-element_type=\"column\">\n\t\t\t<div class=\"elementor-widget-wrap elementor-element-populated\">\n\t\t\t\t\t\t\t\t<div class=\"elementor-element elementor-element-5f900a4 eael-infobox-content-align-left eael-infobox-icon-bg-shape-none eael-infobox-icon-hover-bg-shape-none elementor-widget elementor-widget-eael-info-box\" data-id=\"5f900a4\" data-element_type=\"widget\" data-widget_type=\"eael-info-box.default\">\n\t\t\t\t<div class=\"elementor-widget-container\">\n\t\t\t                    <div class=\"eael-infobox\">\n                    <div class=\"infobox-icon eael-icon-only\">\n\n            \n                            <div class=\"infobox-icon-wrap\">\n                                    <\/div>\n            \n            \n        <\/div>\n            <div class=\"infobox-content eael-icon-only\">\n                            <h6 class=\"title\">LAVAL<\/h6>\n                                                                        <p><p>1700 Mont\u00e9e Masson<br \/>Laval, H7E 4P2<br \/><a href=\"tel:+15143536225\">514-353-6225<\/a><\/p><p>Lundi au vendredi:\u00a0 7h00 \u00e0 Minuit<br \/>Samedi: Ferm\u00e9<br \/>Dimanche: Ferm\u00e9<\/p><\/p>\n                                                                            <\/div>\n    <\/div>\t\t<\/div>\n\t\t\t\t<\/div>\n\t\t\t\t\t<\/div>\n\t\t<\/div>\n\t\t\t\t<div class=\"elementor-column elementor-col-25 elementor-top-column elementor-element elementor-element-07100c4\" data-id=\"07100c4\" data-element_type=\"column\">\n\t\t\t<div class=\"elementor-widget-wrap elementor-element-populated\">\n\t\t\t\t\t\t\t\t<div class=\"elementor-element elementor-element-55b1ec8 eael-infobox-content-align-left eael-infobox-icon-bg-shape-none eael-infobox-icon-hover-bg-shape-none elementor-widget elementor-widget-eael-info-box\" data-id=\"55b1ec8\" data-element_type=\"widget\" data-widget_type=\"eael-info-box.default\">\n\t\t\t\t<div class=\"elementor-widget-container\">\n\t\t\t                    <div class=\"eael-infobox\">\n                    <div class=\"infobox-icon eael-icon-only\">\n\n            \n                            <div class=\"infobox-icon-wrap\">\n                                    <\/div>\n            \n            \n        <\/div>\n            <div class=\"infobox-content eael-icon-only\">\n                            <h6 class=\"title\">LES COTEAUX<\/h6>\n                                                                        <p><p>180 Rue Royal<br \/>Les Coteaux, J7X 1A6<br \/><a href=\"tel:+14502674994\">450-267-4994<\/a><\/p><div class=\"wpb_column vc_column_container vc_col-sm-3\"><div class=\"vc_column-inner\"><div class=\"wpb_wrapper\"><div class=\"autoshowroom-text-box vc_custom_1611775902513\"><div class=\"text-box-desc\"><p>Lundi au vendredi: 7h00 \u00e0 20h00<br \/>Samedi: Ferm\u00e9<br \/>Dimanche: Ferm\u00e9<\/p><\/div><\/div><\/div><\/div><\/div><\/p>\n                                                                            <\/div>\n    <\/div>\t\t<\/div>\n\t\t\t\t<\/div>\n\t\t\t\t\t<\/div>\n\t\t<\/div>\n\t\t\t\t<div class=\"elementor-column elementor-col-25 elementor-top-column elementor-element elementor-element-ee16b54\" data-id=\"ee16b54\" data-element_type=\"column\">\n\t\t\t<div class=\"elementor-widget-wrap elementor-element-populated\">\n\t\t\t\t\t\t\t\t<div class=\"elementor-element elementor-element-0edb096 eael-infobox-content-align-left eael-infobox-icon-bg-shape-none eael-infobox-icon-hover-bg-shape-none elementor-widget elementor-widget-eael-info-box\" data-id=\"0edb096\" data-element_type=\"widget\" data-widget_type=\"eael-info-box.default\">\n\t\t\t\t<div class=\"elementor-widget-container\">\n\t\t\t                    <div class=\"eael-infobox\">\n                    <div class=\"infobox-icon eael-icon-only\">\n\n            \n                            <div class=\"infobox-icon-wrap\">\n                                    <\/div>\n            \n            \n        <\/div>\n            <div class=\"infobox-content eael-icon-only\">\n                            <h6 class=\"title\">DRUMMONDVILLE<\/h6>\n                                                                        <p><p>300 Boul Saint-Joseph Ouest<br \/>Drummondville Qc,<br \/>J2E 1A2<br \/><a href=\"tel:+181947233174\">819-472-3317<\/a><\/p><p>Lundi au vendredi: 7h00 \u00e0 23h30<br \/>Samedi: Ferm\u00e9<br \/>Dimanche: Ferm\u00e9<\/p><\/p>\n                                                                            <\/div>\n    <\/div>\t\t<\/div>\n\t\t\t\t<\/div>\n\t\t\t\t\t<\/div>\n\t\t<\/div>\n\t\t\t\t\t\t\t<\/div>\n\t\t<\/section>\n\t\t\t\t<section class=\"elementor-section elementor-top-section elementor-element elementor-element-8b1d784 card_d elementor-section-boxed elementor-section-height-default elementor-section-height-default\" data-id=\"8b1d784\" data-element_type=\"section\" data-settings=\"{&quot;background_background&quot;:&quot;classic&quot;}\">\n\t\t\t\t\t\t<div class=\"elementor-container elementor-column-gap-default\">\n\t\t\t\t\t<div class=\"elementor-column elementor-col-25 elementor-top-column elementor-element elementor-element-3fd5555\" data-id=\"3fd5555\" data-element_type=\"column\">\n\t\t\t<div class=\"elementor-widget-wrap elementor-element-populated\">\n\t\t\t\t\t\t\t\t<div class=\"elementor-element elementor-element-d7acc6c eael-infobox-content-align-left eael-infobox-icon-bg-shape-none eael-infobox-icon-hover-bg-shape-none elementor-widget elementor-widget-eael-info-box\" data-id=\"d7acc6c\" data-element_type=\"widget\" data-widget_type=\"eael-info-box.default\">\n\t\t\t\t<div class=\"elementor-widget-container\">\n\t\t\t                    <div class=\"eael-infobox\">\n                    <div class=\"infobox-icon eael-icon-only\">\n\n            \n                            <div class=\"infobox-icon-wrap\">\n                                    <\/div>\n            \n            \n        <\/div>\n            <div class=\"infobox-content eael-icon-only\">\n                            <h6 class=\"title\">BOUCHERVILLE<\/h6>\n                                                                        <p><p>35 rue de Montgolfier<br \/>Boucherville Qc, J4B 8C4<br \/><a href=\"tel:+14506554441\">450-655-4441<\/a><\/p><p>Lundi au vendredi: 6h00 \u00e0 23h00<br \/>Samedi: Ferm\u00e9<br \/>Dimanche: Ferm\u00e9<\/p><\/p>\n                                                                            <\/div>\n    <\/div>\t\t<\/div>\n\t\t\t\t<\/div>\n\t\t\t\t\t<\/div>\n\t\t<\/div>\n\t\t\t\t<div class=\"elementor-column elementor-col-25 elementor-top-column elementor-element elementor-element-d9ea3e6\" data-id=\"d9ea3e6\" data-element_type=\"column\">\n\t\t\t<div class=\"elementor-widget-wrap elementor-element-populated\">\n\t\t\t\t\t\t\t\t<div class=\"elementor-element elementor-element-0b51bc0 eael-infobox-content-align-left eael-infobox-icon-bg-shape-none eael-infobox-icon-hover-bg-shape-none elementor-widget elementor-widget-eael-info-box\" data-id=\"0b51bc0\" data-element_type=\"widget\" data-widget_type=\"eael-info-box.default\">\n\t\t\t\t<div class=\"elementor-widget-container\">\n\t\t\t                    <div class=\"eael-infobox\">\n                    <div class=\"infobox-icon eael-icon-only\">\n\n            \n                            <div class=\"infobox-icon-wrap\">\n                                    <\/div>\n            \n            \n        <\/div>\n            <div class=\"infobox-content eael-icon-only\">\n                            <h6 class=\"title\">ST-R\u00c9MI<\/h6>\n                                                                        <p><p>90 rue Roch L\u00e9cuyer<br \/>St-R\u00e9mi, Qc, J0L 2L0<br \/><a href=\"tel:+14383009500\">438-300-9500<\/a><\/p><p>Vendredi: 7h00 \u00e0 23h00<br \/>Samedi: Ferm\u00e9<br \/>Dimanche: Ferm\u00e9<\/p><\/p>\n                                                                            <\/div>\n    <\/div>\t\t<\/div>\n\t\t\t\t<\/div>\n\t\t\t\t\t<\/div>\n\t\t<\/div>\n\t\t\t\t<div class=\"elementor-column elementor-col-25 elementor-top-column elementor-element elementor-element-6b34cb7\" data-id=\"6b34cb7\" data-element_type=\"column\">\n\t\t\t<div class=\"elementor-widget-wrap elementor-element-populated\">\n\t\t\t\t\t\t\t\t<div class=\"elementor-element elementor-element-abc9e99 eael-infobox-content-align-left eael-infobox-icon-bg-shape-none eael-infobox-icon-hover-bg-shape-none elementor-widget elementor-widget-eael-info-box\" data-id=\"abc9e99\" data-element_type=\"widget\" data-widget_type=\"eael-info-box.default\">\n\t\t\t\t<div class=\"elementor-widget-container\">\n\t\t\t                    <div class=\"eael-infobox\">\n                    <div class=\"infobox-icon eael-icon-only\">\n\n            \n                            <div class=\"infobox-icon-wrap\">\n                                    <\/div>\n            \n            \n        <\/div>\n            <div class=\"infobox-content eael-icon-only\">\n                            <h6 class=\"title\">ST-HYACINTHE<\/h6>\n                                                                        <p><div class=\"wpb_column vc_column_container vc_col-sm-3\"><div class=\"vc_column-inner\"><div class=\"wpb_wrapper\"><div class=\"autoshowroom-text-box vc_custom_1608131985530\"><div class=\"text-box-desc\"><p>5400 rue Martineau, St-Hyacinthe,<br \/>Qc J2R 1T8<br \/><a href=\"tel:+14507964004\">450-796-4004<\/a><\/p><p>Lundi au vendredi: 6h45 \u00e0 23h30<br \/>Samedi: 7h00 \u00e0 15h00<br \/>Dimanche: Ferm\u00e9<\/p><\/div><\/div><\/div><\/div><\/div><div class=\"wpb_column vc_column_container vc_col-sm-3\"><div class=\"vc_column-inner\"><div class=\"wpb_wrapper\"><div class=\"autoshowroom-text-box vc_custom_1605295890489\">\u00a0<\/div><\/div><\/div><\/div><\/p>\n                                                                            <\/div>\n    <\/div>\t\t<\/div>\n\t\t\t\t<\/div>\n\t\t\t\t\t<\/div>\n\t\t<\/div>\n\t\t\t\t<div class=\"elementor-column elementor-col-25 elementor-top-column elementor-element elementor-element-429ddd0\" data-id=\"429ddd0\" data-element_type=\"column\">\n\t\t\t<div class=\"elementor-widget-wrap elementor-element-populated\">\n\t\t\t\t\t\t\t\t<div class=\"elementor-element elementor-element-b71ec0b eael-infobox-content-align-left eael-infobox-icon-bg-shape-none eael-infobox-icon-hover-bg-shape-none elementor-widget elementor-widget-eael-info-box\" data-id=\"b71ec0b\" data-element_type=\"widget\" data-widget_type=\"eael-info-box.default\">\n\t\t\t\t<div class=\"elementor-widget-container\">\n\t\t\t                    <div class=\"eael-infobox\">\n                    <div class=\"infobox-icon eael-icon-only\">\n\n            \n                            <div class=\"infobox-icon-wrap\">\n                                    <\/div>\n            \n            \n        <\/div>\n            <div class=\"infobox-content eael-icon-only\">\n                            <h6 class=\"title\">CENTRE DU CAMION COWANSVILLE<\/h6>\n                                                                        <p><p>127 rue Dean Cowansville,<br \/>Qc J2K 3Y2<br \/><a href=\"tel:+14502639232\">450-263-9232<\/a><\/p><p>Lundi au jeudi: 7h30 \u00e0 22h30<br \/>Vendredi: 7h30 \u00e0 16h00<br \/>Samedi: Ferm\u00e9<br \/>Dimanche: Ferm\u00e9<\/p><\/p>\n                                                                            <\/div>\n    <\/div>\t\t<\/div>\n\t\t\t\t<\/div>\n\t\t\t\t\t<\/div>\n\t\t<\/div>\n\t\t\t\t\t\t\t<\/div>\n\t\t<\/section>\n\t\t\t\t<section class=\"elementor-section elementor-top-section elementor-element elementor-element-47c6364 elementor-section-boxed elementor-section-height-default elementor-section-height-default\" data-id=\"47c6364\" data-element_type=\"section\" data-settings=\"{&quot;background_background&quot;:&quot;classic&quot;}\">\n\t\t\t\t\t\t<div class=\"elementor-container elementor-column-gap-default\">\n\t\t\t\t\t<div class=\"elementor-column elementor-col-50 elementor-top-column elementor-element elementor-element-3bad4c2\" data-id=\"3bad4c2\" data-element_type=\"column\">\n\t\t\t<div class=\"elementor-widget-wrap elementor-element-populated\">\n\t\t\t\t\t\t\t\t<div class=\"elementor-element elementor-element-8fc95ab elementor-widget elementor-widget-image\" data-id=\"8fc95ab\" data-element_type=\"widget\" data-widget_type=\"image.default\">\n\t\t\t\t<div class=\"elementor-widget-container\">\n\t\t\t<style>\/*! elementor - v3.7.8 - 02-10-2022 *\/\n.elementor-widget-image{text-align:center}.elementor-widget-image a{display:inline-block}.elementor-widget-image a img[src$=\".svg\"]{width:48px}.elementor-widget-image img{vertical-align:middle;display:inline-block}<\/style>\t\t\t\t\t\t\t\t\t\t\t\t<img loading=\"lazy\" decoding=\"async\" width=\"250\" height=\"60\" src=\"https:\/\/mackvolvomontreal.sltm.ca\/wp-content\/uploads\/2022\/10\/LogoMVM250_60-1.png\" class=\"attachment-large size-large\" alt=\"\" \/>\t\t\t\t\t\t\t\t\t\t\t\t\t\t\t<\/div>\n\t\t\t\t<\/div>\n\t\t\t\t<div class=\"elementor-element elementor-element-57a3f2f elementor-widget elementor-widget-heading\" data-id=\"57a3f2f\" data-element_type=\"widget\" data-widget_type=\"heading.default\">\n\t\t\t\t<div class=\"elementor-widget-container\">\n\t\t\t<style>\/*! elementor - v3.7.8 - 02-10-2022 *\/\n.elementor-heading-title{padding:0;margin:0;line-height:1}.elementor-widget-heading .elementor-heading-title[class*=elementor-size-]>a{color:inherit;font-size:inherit;line-height:inherit}.elementor-widget-heading .elementor-heading-title.elementor-size-small{font-size:15px}.elementor-widget-heading .elementor-heading-title.elementor-size-medium{font-size:19px}.elementor-widget-heading .elementor-heading-title.elementor-size-large{font-size:29px}.elementor-widget-heading .elementor-heading-title.elementor-size-xl{font-size:39px}.elementor-widget-heading .elementor-heading-title.elementor-size-xxl{font-size:59px}<\/style><h5 class=\"elementor-heading-title elementor-size-default\">Follow us on Facebook so you don\u2019t miss a thing!\n\n<\/h5>\t\t<\/div>\n\t\t\t\t<\/div>\n\t\t\t\t<div class=\"elementor-element elementor-element-ac7b53e elementor-view-default elementor-widget elementor-widget-icon\" data-id=\"ac7b53e\" data-element_type=\"widget\" data-widget_type=\"icon.default\">\n\t\t\t\t<div class=\"elementor-widget-container\">\n\t\t\t\t\t<div class=\"elementor-icon-wrapper\">\n\t\t\t<a class=\"elementor-icon\" href=\"https:\/\/www.facebook.com\/mackvolvomontreal\">\n\t\t\t<i aria-hidden=\"true\" class=\"fab fa-facebook\"><\/i>\t\t\t<\/a>\n\t\t<\/div>\n\t\t\t\t<\/div>\n\t\t\t\t<\/div>\n\t\t\t\t\t<\/div>\n\t\t<\/div>\n\t\t\t\t<div class=\"elementor-column elementor-col-50 elementor-top-column elementor-element elementor-element-5ed2e23\" data-id=\"5ed2e23\" data-element_type=\"column\">\n\t\t\t<div class=\"elementor-widget-wrap elementor-element-populated\">\n\t\t\t\t\t\t\t\t<div class=\"elementor-element elementor-element-ec98c40 elementor-widget elementor-widget-text-editor\" data-id=\"ec98c40\" data-element_type=\"widget\" data-widget_type=\"text-editor.default\">\n\t\t\t\t<div class=\"elementor-widget-container\">\n\t\t\t\t\t\t\t<div role=\"form\" class=\"wpcf7\" id=\"wpcf7-f8200-o1\" lang=\"en-US\" dir=\"ltr\">\n<div class=\"screen-reader-response\"><p role=\"status\" aria-live=\"polite\" aria-atomic=\"true\"><\/p> <ul><\/ul><\/div>\n<form action=\"\/en\/wp-json\/wp\/v2\/pages\/10147#wpcf7-f8200-o1\" method=\"post\" class=\"wpcf7-form init\" novalidate=\"novalidate\" data-status=\"init\">\n<div style=\"display: none;\">\n<input type=\"hidden\" name=\"_wpcf7\" value=\"8200\" \/>\n<input type=\"hidden\" name=\"_wpcf7_version\" value=\"5.6.4\" \/>\n<input type=\"hidden\" name=\"_wpcf7_locale\" value=\"en_US\" \/>\n<input type=\"hidden\" name=\"_wpcf7_unit_tag\" value=\"wpcf7-f8200-o1\" \/>\n<input type=\"hidden\" name=\"_wpcf7_container_post\" value=\"0\" \/>\n<input type=\"hidden\" name=\"_wpcf7_posted_data_hash\" value=\"\" \/>\n<\/div>\n<div class=\"form-horizontal\">\n<div class=\"form-group\"><label class=\"control-label col-md-3\">Full Name<\/label>\n<div class=\"col-md-9\"><span class=\"wpcf7-form-control-wrap\" data-name=\"your-name\"><input type=\"text\" name=\"your-name\" value=\"\" size=\"40\" class=\"wpcf7-form-control wpcf7-text wpcf7-validates-as-required form-control\" aria-required=\"true\" aria-invalid=\"false\" \/><\/span><\/div>\n<\/div>\n<div class=\"form-group\"><label class=\"control-label col-md-3\">E-mail<\/label>\n<div class=\"col-md-9\"><span class=\"wpcf7-form-control-wrap\" data-name=\"your-email\"><input type=\"email\" name=\"your-email\" value=\"\" size=\"40\" class=\"wpcf7-form-control wpcf7-text wpcf7-email wpcf7-validates-as-required wpcf7-validates-as-email form-control\" aria-required=\"true\" aria-invalid=\"false\" \/><\/span><\/div>\n<\/div>\n<div class=\"form-group\"><label class=\"control-label col-md-3\">T\u00e9l\u00e9phone<\/label>\n<div class=\"col-md-9\"><span class=\"wpcf7-form-control-wrap\" data-name=\"tel-862\"><input type=\"tel\" name=\"tel-862\" value=\"\" size=\"40\" class=\"wpcf7-form-control wpcf7-text wpcf7-tel wpcf7-validates-as-required wpcf7-validates-as-tel\" aria-required=\"true\" aria-invalid=\"false\" \/><\/span><\/div>\n<\/div>\n<div class=\"form-group\"><label class=\"control-label col-md-3\">Subject<\/label>\n<div class=\"col-md-9\"><span class=\"wpcf7-form-control-wrap\" data-name=\"your-subject\"><input type=\"text\" name=\"your-subject\" value=\"\" size=\"40\" class=\"wpcf7-form-control wpcf7-text form-control\" aria-invalid=\"false\" \/><\/span><\/div>\n<\/div>\n<div class=\"form-group\"><label class=\"control-label col-md-3\">Message<\/label>\n<div class=\"col-md-9\"><span class=\"wpcf7-form-control-wrap\" data-name=\"your-message\"><textarea name=\"your-message\" cols=\"40\" rows=\"5\" class=\"wpcf7-form-control wpcf7-textarea form-control\" aria-invalid=\"false\"><\/textarea><\/span><\/div>\n<\/div>\n<div class=\"form-group\">\n<div class=\"col-md-offset-3 col-md-9\"><input type=\"submit\" value=\"SEND\" class=\"wpcf7-form-control has-spinner wpcf7-submit btn btn-primary\" \/><\/div>\n<\/div>\n<\/div>\n<div class=\"wpcf7-response-output\" aria-hidden=\"true\"><\/div><\/form><\/div> \t\t\t\t\t\t<\/div>\n\t\t\t\t<\/div>\n\t\t\t\t\t<\/div>\n\t\t<\/div>\n\t\t\t\t\t\t\t<\/div>\n\t\t<\/section>\n\t\t\t\t\t\t\t<\/div>\n\t\t","protected":false},"excerpt":{"rendered":"<p>PROMOTIONS VIEW DISCOUNTS MONTR\u00c9AL 10 475 Chemin C\u00f4te de Liesse Dorval, H9P 1A7 514-685-9444 Lundi au vendredi: 7h00 \u00e0 Minuit Samedi: 7h00 \u00e0 15h30 Dimanche: Ferm\u00e9 LAVAL 1700 Mont\u00e9e Masson Laval, H7E 4P2 514-353-6225 Lundi au vendredi:&nbsp; 7h00 \u00e0 Minuit Samedi: Ferm\u00e9 Dimanche: Ferm\u00e9 LES COTEAUX 180 Rue Royal Les Coteaux, J7X 1A6 450-267-4994 Lundi [&hellip;]<\/p>\n","protected":false},"author":1,"featured_media":0,"parent":0,"menu_order":0,"comment_status":"closed","ping_status":"closed","template":"","meta":{"footnotes":""},"class_list":["post-10147","page","type-page","status-publish","hentry"],"_links":{"self":[{"href":"https:\/\/mackvolvomontreal.sltm.ca\/en\/wp-json\/wp\/v2\/pages\/10147","targetHints":{"allow":["GET"]}}],"collection":[{"href":"https:\/\/mackvolvomontreal.sltm.ca\/en\/wp-json\/wp\/v2\/pages"}],"about":[{"href":"https:\/\/mackvolvomontreal.sltm.ca\/en\/wp-json\/wp\/v2\/types\/page"}],"author":[{"embeddable":true,"href":"https:\/\/mackvolvomontreal.sltm.ca\/en\/wp-json\/wp\/v2\/users\/1"}],"replies":[{"embeddable":true,"href":"https:\/\/mackvolvomontreal.sltm.ca\/en\/wp-json\/wp\/v2\/comments?post=10147"}],"version-history":[{"count":30,"href":"https:\/\/mackvolvomontreal.sltm.ca\/en\/wp-json\/wp\/v2\/pages\/10147\/revisions"}],"predecessor-version":[{"id":10719,"href":"https:\/\/mackvolvomontreal.sltm.ca\/en\/wp-json\/wp\/v2\/pages\/10147\/revisions\/10719"}],"wp:attachment":[{"href":"https:\/\/mackvolvomontreal.sltm.ca\/en\/wp-json\/wp\/v2\/media?parent=10147"}],"curies":[{"name":"wp","href":"https:\/\/api.w.org\/{rel}","templated":true}]}}